{"id":117,"date":"2026-03-11T20:36:06","date_gmt":"2026-03-11T19:36:06","guid":{"rendered":"https:\/\/el-conseils.fr\/?page_id=117"},"modified":"2026-03-25T11:45:26","modified_gmt":"2026-03-25T10:45:26","slug":"contact","status":"publish","type":"page","link":"https:\/\/el-conseils.fr\/?page_id=117","title":{"rendered":"Contact"},"content":{"rendered":"\n<p><\/p>\n\n\n\n<p class=\"has-ast-global-color-7-color has-text-color has-link-color wp-elements-fb640f689e3e8e049dc0cf7c0cafd0ff\" style=\"font-size:24px\">\u00c9changeons sur votre protection sociale, votre pr\u00e9voyance, votre retraite ou votre strat\u00e9gie patrimoniale.<\/p>\n\n\n\n<p class=\"has-white-color has-text-color has-link-color wp-elements-307f99ece0798b06b69e205c73ae6bfb\" style=\"font-size:20px\">Je vous propose un moment d\u2019\u00e9change simple, clair et sans engagement pour mieux comprendre votre situation, vos besoins et les solutions qui peuvent r\u00e9ellement vous prot\u00e9ger.<br>Que ce soit pour la retraite, la pr\u00e9voyance, la mutuelle, l\u2019optimisation de votre \u00e9pargne ou l\u2019organisation de votre protection sociale, je prends le temps d\u2019analyser votre situation afin de vous orienter vers des solutions adapt\u00e9es.<\/p>\n\n\n\n<p class=\"has-ast-global-color-7-color has-text-color has-link-color wp-elements-71c79fd7378be488b0512699abda5deb\"><strong>Lilian Estrade<\/strong><br><strong>06 87 86 78 00<\/strong><br><strong><a>contact@el-conseils.fr<\/a><\/strong><\/p>\n\n\n\n<p class=\"has-white-color has-text-color has-link-color wp-elements-38848c36781d26f9a4e311a372d328ce\">Laissez simplement vos coordonn\u00e9es ou contactez-moi directement. Je vous rappelle dans les plus brefs d\u00e9lais pour \u00e9changer ensemble.<\/p>\n\n\n\n<div class=\"wp-block-buttons is-layout-flex wp-block-buttons-is-layout-flex\">\n<div class=\"wp-block-button\"><a class=\"wp-block-button__link wp-element-button\" href=\"mailto:contact@el-conseils.fr\">Prendre contact<\/a><\/div>\n<\/div>\n","protected":false},"excerpt":{"rendered":"<p>\u00c9changeons sur votre protection sociale, votre pr\u00e9voyance, votre retraite ou votre strat\u00e9gie patrimoniale. Je vous propose un moment d\u2019\u00e9change simple, [&hellip;]<\/p>\n","protected":false},"author":1,"featured_media":0,"parent":0,"menu_order":0,"comment_status":"closed","ping_status":"closed","template":"","meta":{"site-sidebar-layout":"default","site-content-layout":"","ast-site-content-layout":"default","site-content-style":"default","site-sidebar-style":"default","ast-global-header-display":"","ast-banner-title-visibility":"","ast-main-header-display":"","ast-hfb-above-header-display":"","ast-hfb-below-header-display":"","ast-hfb-mobile-header-display":"","site-post-title":"","ast-breadcrumbs-content":"disabled","ast-featured-img":"","footer-sml-layout":"","ast-disable-related-posts":"","theme-transparent-header-meta":"","adv-header-id-meta":"","stick-header-meta":"","header-above-stick-meta":"","header-main-stick-meta":"","header-below-stick-meta":"","astra-migrate-meta-layouts":"default","ast-page-background-enabled":"default","ast-page-background-meta":{"desktop":{"background-color":"var(--ast-global-color-5)","background-image":"","background-repeat":"repeat","background-position":"center center","background-size":"auto","background-attachment":"scroll","background-type":"","background-media":"","overlay-type":"","overlay-color":"","overlay-opacity":"","overlay-gradient":""},"tablet":{"background-color":"","background-image":"","background-repeat":"repeat","background-position":"center center","background-size":"auto","background-attachment":"scroll","background-type":"","background-media":"","overlay-type":"","overlay-color":"","overlay-opacity":"","overlay-gradient":""},"mobile":{"background-color":"","background-image":"","background-repeat":"repeat","background-position":"center center","background-size":"auto","background-attachment":"scroll","background-type":"","background-media":"","overlay-type":"","overlay-color":"","overlay-opacity":"","overlay-gradient":""}},"ast-content-background-meta":{"desktop":{"background-color":"var(--ast-global-color-4)","background-image":"","background-repeat":"repeat","background-position":"center center","background-size":"auto","background-attachment":"scroll","background-type":"","background-media":"","overlay-type":"","overlay-color":"","overlay-opacity":"","overlay-gradient":""},"tablet":{"background-color":"var(--ast-global-color-4)","background-image":"","background-repeat":"repeat","background-position":"center center","background-size":"auto","background-attachment":"scroll","background-type":"","background-media":"","overlay-type":"","overlay-color":"","overlay-opacity":"","overlay-gradient":""},"mobile":{"background-color":"var(--ast-global-color-4)","background-image":"","background-repeat":"repeat","background-position":"center center","background-size":"auto","background-attachment":"scroll","background-type":"","background-media":"","overlay-type":"","overlay-color":"","overlay-opacity":"","overlay-gradient":""}},"footnotes":""},"class_list":["post-117","page","type-page","status-publish","hentry"],"_links":{"self":[{"href":"https:\/\/el-conseils.fr\/index.php?rest_route=\/wp\/v2\/pages\/117","targetHints":{"allow":["GET"]}}],"collection":[{"href":"https:\/\/el-conseils.fr\/index.php?rest_route=\/wp\/v2\/pages"}],"about":[{"href":"https:\/\/el-conseils.fr\/index.php?rest_route=\/wp\/v2\/types\/page"}],"author":[{"embeddable":true,"href":"https:\/\/el-conseils.fr\/index.php?rest_route=\/wp\/v2\/users\/1"}],"replies":[{"embeddable":true,"href":"https:\/\/el-conseils.fr\/index.php?rest_route=%2Fwp%2Fv2%2Fcomments&post=117"}],"version-history":[{"count":7,"href":"https:\/\/el-conseils.fr\/index.php?rest_route=\/wp\/v2\/pages\/117\/revisions"}],"predecessor-version":[{"id":229,"href":"https:\/\/el-conseils.fr\/index.php?rest_route=\/wp\/v2\/pages\/117\/revisions\/229"}],"wp:attachment":[{"href":"https:\/\/el-conseils.fr\/index.php?rest_route=%2Fwp%2Fv2%2Fmedia&parent=117"}],"curies":[{"name":"wp","href":"https:\/\/api.w.org\/{rel}","templated":true}]}}