{"id":107,"date":"2026-03-11T19:48:02","date_gmt":"2026-03-11T18:48:02","guid":{"rendered":"https:\/\/el-conseils.fr\/?page_id=107"},"modified":"2026-03-25T16:56:43","modified_gmt":"2026-03-25T15:56:43","slug":"expertise-et-conseil","status":"publish","type":"page","link":"https:\/\/el-conseils.fr\/?page_id=107","title":{"rendered":"Expertise et conseil"},"content":{"rendered":"\n<p class=\"has-luminous-vivid-amber-color has-text-color has-link-color wp-elements-68cdd7e0feeb57b98d43358f8e07ab1f\" style=\"font-size:24px\">Des solutions sur mesure pour prot\u00e9ger, anticiper et s\u00e9curiser votre avenir personnel et professionnel.<\/p>\n\n\n\n<p class=\"has-white-color has-text-color has-link-color wp-elements-51fb4dd718a903c784f65117d8f2b19b\" style=\"font-size:18px\">Chaque situation m\u00e9rite une analyse claire, humaine et adapt\u00e9e. Estrade Conseils accompagne dirigeants, ind\u00e9pendants et particuliers dans leurs enjeux de protection sociale, de sant\u00e9, de pr\u00e9voyance, de retraite et d\u2019\u00e9pargne, avec une approche fond\u00e9e sur l\u2019\u00e9coute, la clart\u00e9 et la pertinence des solutions propos\u00e9es.<\/p>\n\n\n\n<h2 class=\"wp-block-heading has-ast-global-color-7-color has-text-color has-link-color wp-elements-395017a0c6b8ac59d98636243696c1fb\" style=\"font-size:24px\">Audit de protection sociale<\/h2>\n\n\n\n<p class=\"has-white-color has-text-color has-link-color wp-elements-bff719dfefccf96bb9fd07bc688aefdf\" style=\"font-size:18px\">Avant toute recommandation, il est essentiel de comprendre votre situation dans sa globalit\u00e9.<\/p>\n\n\n\n<p class=\"has-white-color has-text-color has-link-color wp-elements-b4a3d10ea3abed2026012096d76318d4\" style=\"font-size:18px\">L\u2019audit de protection sociale permet d\u2019identifier vos besoins, de rep\u00e9rer les points de fragilit\u00e9 \u00e9ventuels et de v\u00e9rifier la coh\u00e9rence de vos garanties actuelles. Cette \u00e9tape constitue la base d\u2019un accompagnement s\u00e9rieux, personnalis\u00e9 et durable.<\/p>\n\n\n\n<h2 class=\"wp-block-heading has-ast-global-color-7-color has-text-color has-link-color wp-elements-5ee4eb84da83d9bda52756fda925f625\" style=\"font-size:24px\">Accompagnement \u00e0 la liquidation retraite<\/h2>\n\n\n\n<p class=\"has-white-color has-text-color has-link-color wp-elements-7c614c308f2ef97b80765cc6b407ea7c\" style=\"font-size:18px\">La liquidation de vos droits \u00e0 la retraite est une \u00e9tape cl\u00e9, souvent complexe, qui n\u00e9cessite rigueur et anticipation.<br>Estrade Conseils vous accompagne dans l\u2019analyse de votre carri\u00e8re, la v\u00e9rification de vos droits, la correction d\u2019\u00e9ventuelles anomalies et l\u2019optimisation de votre date de d\u00e9part. De la constitution du dossier jusqu\u2019\u00e0 la mise en paiement de vos pensions, l\u2019objectif est de s\u00e9curiser chaque \u00e9tape, de simplifier vos d\u00e9marches et de vous permettre d\u2019aborder votre d\u00e9part en toute s\u00e9r\u00e9nit\u00e9.<\/p>\n\n\n\n<h2 class=\"wp-block-heading has-ast-global-color-7-color has-text-color has-link-color wp-elements-4efebc51b2c2f926059813a3f1fe4db7\" style=\"font-size:24px\"><strong>Pr\u00e9voyance<\/strong><\/h2>\n\n\n\n<p class=\"has-white-color has-text-color has-link-color wp-elements-1f2db84c2854a6e92a4340d06bfc9773\" style=\"font-size:18px\">Prot\u00e9ger le dirigeant, le travailleur ind\u00e9pendant, sa famille ou ses salari\u00e9s face aux al\u00e9as de la vie est un enjeu essentiel.<\/p>\n\n\n\n<p class=\"has-white-color has-text-color has-link-color wp-elements-a84113a1a6ba81e59b17304caf62227a\" style=\"font-size:18px\">Estrade Conseils vous accompagne dans la mise en place de solutions de pr\u00e9voyance adapt\u00e9es pour s\u00e9curiser vos revenus, anticiper les impr\u00e9vus et pr\u00e9server votre \u00e9quilibre personnel comme professionnel.<\/p>\n\n\n\n<h2 class=\"wp-block-heading has-ast-global-color-7-color has-text-color has-link-color wp-elements-2f44e55566ea32e7ad0dd80c9f2cd5eb\" style=\"font-size:24px\"><strong>Sant\u00e9 et mutuelle<\/strong><\/h2>\n\n\n\n<p class=\"has-white-color has-text-color has-link-color wp-elements-609f9a42fd7b95beb0eb116ecd77c5a9\" style=\"font-size:18px\">Les besoins en sant\u00e9 \u00e9voluent selon votre situation, votre activit\u00e9 et votre environnement familial ou professionnel.<\/p>\n\n\n\n<p class=\"has-white-color has-text-color has-link-color wp-elements-4da9c7eef1afef3bbbdd859880a30b03\" style=\"font-size:18px\">L\u2019objectif est de vous aider \u00e0 choisir ou \u00e0 optimiser une couverture sant\u00e9 r\u00e9ellement adapt\u00e9e, lisible et coh\u00e9rente, afin de garantir une protection efficace sans surco\u00fbt inutile.<\/p>\n\n\n\n<h2 class=\"wp-block-heading has-ast-global-color-7-color has-text-color has-link-color wp-elements-78cd98df4a634b865939caf07588669a\" style=\"font-size:24px\">Retraite et \u00e9pargne<\/h2>\n\n\n\n<p class=\"has-white-color has-text-color has-link-color wp-elements-4cbaefa446ffa9fcae5a63175784d7e0\" style=\"font-size:18px\">Pr\u00e9parer l\u2019avenir demande une vision claire, progressive et adapt\u00e9e \u00e0 vos objectifs.<\/p>\n\n\n\n<p class=\"has-white-color has-text-color has-link-color wp-elements-0abf53dcd6b4c02395e0c568c5364f56\" style=\"font-size:18px\">Estrade Conseils vous accompagne dans la construction de solutions de retraite et d\u2019\u00e9pargne permettant de pr\u00e9parer l\u2019avenir, de valoriser votre patrimoine et de s\u00e9curiser vos projets \u00e0 long terme.<\/p>\n\n\n\n<h2 class=\"wp-block-heading has-ast-global-color-7-color has-text-color has-link-color wp-elements-1b75c47a4b321a02f0bcc781ce1cc2dd\" style=\"font-size:24px\">D\u00e9pendance<\/h2>\n\n\n\n<p class=\"has-white-color has-text-color has-link-color wp-elements-54f87206ba990e3b582326bfad54b7da\" style=\"font-size:18px\">Anticiper la perte d\u2019autonomie, c\u2019est aussi prot\u00e9ger ses proches et pr\u00e9server sa libert\u00e9 de choix.<\/p>\n\n\n\n<p class=\"has-white-color has-text-color has-link-color wp-elements-ffb1dc6b11e6273bb2ca425b57e61953\" style=\"font-size:18px\">Des solutions existent pour mieux pr\u00e9parer cette \u00e9tape de vie et limiter ses cons\u00e9quences humaines, financi\u00e8res et familiales. L\u2019accompagnement propos\u00e9 vise \u00e0 vous aider \u00e0 faire des choix utiles, r\u00e9fl\u00e9chis et adapt\u00e9s \u00e0 votre situation.<\/p>\n\n\n\n<p><\/p>\n\n\n\n<h2 class=\"wp-block-heading has-ast-global-color-7-color has-text-color has-link-color wp-elements-1dc4d7f8d8827fbba3def92b416d370b\" style=\"font-size:24px\">Un accompagnement fond\u00e9 sur l\u2019\u00e9coute, la clart\u00e9 et la confiance<\/h2>\n\n\n\n<p class=\"has-white-color has-text-color has-link-color wp-elements-c240af1907796c5c7b555e0736991b80\" style=\"font-size:18px\">Au-del\u00e0 des solutions techniques, chaque accompagnement repose sur une relation de proximit\u00e9, une compr\u00e9hension fine de vos besoins et la recherche de r\u00e9ponses r\u00e9ellement adapt\u00e9es \u00e0 votre situation.<\/p>\n\n\n\n<p><\/p>\n\n\n\n<div class=\"wp-block-buttons is-layout-flex wp-block-buttons-is-layout-flex\">\n<div class=\"wp-block-button\"><a class=\"wp-block-button__link wp-element-button\" href=\"mailto:contact@el-conseils.fr?subject=Prise%20de%20contact\">Prendre contact<\/a><\/div>\n<\/div>\n","protected":false},"excerpt":{"rendered":"<p>Des solutions sur mesure pour prot\u00e9ger, anticiper et s\u00e9curiser votre avenir personnel et professionnel. Chaque situation m\u00e9rite une analyse claire, [&hellip;]<\/p>\n","protected":false},"author":1,"featured_media":0,"parent":0,"menu_order":0,"comment_status":"closed","ping_status":"closed","template":"","meta":{"site-sidebar-layout":"default","site-content-layout":"","ast-site-content-layout":"default","site-content-style":"default","site-sidebar-style":"default","ast-global-header-display":"","ast-banner-title-visibility":"","ast-main-header-display":"","ast-hfb-above-header-display":"","ast-hfb-below-header-display":"","ast-hfb-mobile-header-display":"","site-post-title":"","ast-breadcrumbs-content":"disabled","ast-featured-img":"","footer-sml-layout":"","ast-disable-related-posts":"","theme-transparent-header-meta":"","adv-header-id-meta":"","stick-header-meta":"","header-above-stick-meta":"","header-main-stick-meta":"","header-below-stick-meta":"","astra-migrate-meta-layouts":"default","ast-page-background-enabled":"default","ast-page-background-meta":{"desktop":{"background-color":"var(--ast-global-color-5)","background-image":"","background-repeat":"repeat","background-position":"center center","background-size":"auto","background-attachment":"scroll","background-type":"","background-media":"","overlay-type":"","overlay-color":"","overlay-opacity":"","overlay-gradient":""},"tablet":{"background-color":"","background-image":"","background-repeat":"repeat","background-position":"center center","background-size":"auto","background-attachment":"scroll","background-type":"","background-media":"","overlay-type":"","overlay-color":"","overlay-opacity":"","overlay-gradient":""},"mobile":{"background-color":"","background-image":"","background-repeat":"repeat","background-position":"center center","background-size":"auto","background-attachment":"scroll","background-type":"","background-media":"","overlay-type":"","overlay-color":"","overlay-opacity":"","overlay-gradient":""}},"ast-content-background-meta":{"desktop":{"background-color":"var(--ast-global-color-4)","background-image":"","background-repeat":"repeat","background-position":"center center","background-size":"auto","background-attachment":"scroll","background-type":"","background-media":"","overlay-type":"","overlay-color":"","overlay-opacity":"","overlay-gradient":""},"tablet":{"background-color":"var(--ast-global-color-4)","background-image":"","background-repeat":"repeat","background-position":"center center","background-size":"auto","background-attachment":"scroll","background-type":"","background-media":"","overlay-type":"","overlay-color":"","overlay-opacity":"","overlay-gradient":""},"mobile":{"background-color":"var(--ast-global-color-4)","background-image":"","background-repeat":"repeat","background-position":"center center","background-size":"auto","background-attachment":"scroll","background-type":"","background-media":"","overlay-type":"","overlay-color":"","overlay-opacity":"","overlay-gradient":""}},"footnotes":""},"class_list":["post-107","page","type-page","status-publish","hentry"],"_links":{"self":[{"href":"https:\/\/el-conseils.fr\/index.php?rest_route=\/wp\/v2\/pages\/107","targetHints":{"allow":["GET"]}}],"collection":[{"href":"https:\/\/el-conseils.fr\/index.php?rest_route=\/wp\/v2\/pages"}],"about":[{"href":"https:\/\/el-conseils.fr\/index.php?rest_route=\/wp\/v2\/types\/page"}],"author":[{"embeddable":true,"href":"https:\/\/el-conseils.fr\/index.php?rest_route=\/wp\/v2\/users\/1"}],"replies":[{"embeddable":true,"href":"https:\/\/el-conseils.fr\/index.php?rest_route=%2Fwp%2Fv2%2Fcomments&post=107"}],"version-history":[{"count":13,"href":"https:\/\/el-conseils.fr\/index.php?rest_route=\/wp\/v2\/pages\/107\/revisions"}],"predecessor-version":[{"id":237,"href":"https:\/\/el-conseils.fr\/index.php?rest_route=\/wp\/v2\/pages\/107\/revisions\/237"}],"wp:attachment":[{"href":"https:\/\/el-conseils.fr\/index.php?rest_route=%2Fwp%2Fv2%2Fmedia&parent=107"}],"curies":[{"name":"wp","href":"https:\/\/api.w.org\/{rel}","templated":true}]}}