{"id":100,"date":"2026-03-11T19:37:51","date_gmt":"2026-03-11T18:37:51","guid":{"rendered":"https:\/\/el-conseils.fr\/?page_id=100"},"modified":"2026-03-24T15:24:05","modified_gmt":"2026-03-24T14:24:05","slug":"qui-suis-je","status":"publish","type":"page","link":"https:\/\/el-conseils.fr\/?page_id=100","title":{"rendered":"Qui suis-je ?"},"content":{"rendered":"\n<p class=\"has-luminous-vivid-amber-color has-text-color has-link-color wp-elements-5c4d4b8c619e7332edee12e0d4e4446c\"><strong>Qui suis-je ?<\/strong><\/p>\n\n\n\n<p class=\"has-ast-global-color-5-color has-text-color has-link-color wp-elements-a85e845a84407ee2f5f43adcf5b9959b\">Depuis toujours, mon parcours est guid\u00e9 par les rencontres, les d\u00e9fis et l\u2019envie constante de progresser. Chaque \u00e9tape de ma vie professionnelle m\u2019a permis d\u2019apprendre, de mieux comprendre les personnes que j\u2019accompagne et de construire une approche fond\u00e9e sur l\u2019\u00e9coute, la clart\u00e9 et la confiance.<\/p>\n\n\n\n<p class=\"has-ast-global-color-5-color has-text-color has-link-color wp-elements-e3300a546da92c326a28dff1c10ade87\">Je suis Lilian Estrade et, depuis plus de quatorze ans, j\u2019accompagne ind\u00e9pendants, dirigeants et particuliers dans leurs enjeux de protection sociale, de retraite et de strat\u00e9gie d\u2019\u00e9pargne.<\/p>\n\n\n\n<p class=\"has-ast-global-color-5-color has-text-color has-link-color wp-elements-1cbb9bd775bf19cbaaf2147506c8b1f8\">Au-del\u00e0 des contrats et des chiffres, ce qui m\u2019anime profond\u00e9ment, c\u2019est l\u2019humain. Comprendre votre histoire, vos projets et vos priorit\u00e9s pour construire des solutions r\u00e9ellement adapt\u00e9es.<\/p>\n\n\n\n<p class=\"has-luminous-vivid-amber-color has-text-color has-link-color wp-elements-3439b05a87053225bb5b781b7c5c2686\"><strong>Pourquoi avoir choisi l\u2019ind\u00e9pendance ?<\/strong><\/p>\n\n\n\n<p class=\"has-ast-global-color-5-color has-text-color has-link-color wp-elements-0ca55de5245ca3f6553bae9e00d10fc9\">\u00c0 un moment de mon parcours, une \u00e9vidence s\u2019est impos\u00e9e : pour conseiller de mani\u00e8re juste et personnalis\u00e9e, la libert\u00e9 est essentielle.<\/p>\n\n\n\n<p class=\"has-ast-global-color-5-color has-text-color has-link-color wp-elements-dccd4a4064bb6f9bbf23d21d156436c3\">Cr\u00e9er mon cabinet, c\u2019\u00e9tait choisir une approche fond\u00e9e sur l\u2019ind\u00e9pendance du conseil, la proximit\u00e9 et la transparence. Cela me permet de s\u00e9lectionner les solutions les plus pertinentes selon chaque situation, sans logique standardis\u00e9e.<\/p>\n\n\n\n<p class=\"has-white-color has-text-color has-link-color wp-elements-195ead45784e5293e1be733333178a74\">Mon r\u00f4le est d\u2019apporter clart\u00e9, coh\u00e9rence et s\u00e9curit\u00e9 dans des moments de d\u00e9cision importants, avec une relation durable, humaine et de confiance.<\/p>\n\n\n\n<figure class=\"wp-block-image aligncenter size-large is-resized\"><img loading=\"lazy\" decoding=\"async\" width=\"1024\" height=\"680\" src=\"https:\/\/el-conseils.fr\/wp-content\/uploads\/2026\/03\/00031-1024x680.jpg\" alt=\"\" class=\"wp-image-90\" style=\"width:834px;height:auto\" srcset=\"https:\/\/el-conseils.fr\/wp-content\/uploads\/2026\/03\/00031-1024x680.jpg 1024w, https:\/\/el-conseils.fr\/wp-content\/uploads\/2026\/03\/00031-300x199.jpg 300w, https:\/\/el-conseils.fr\/wp-content\/uploads\/2026\/03\/00031-768x510.jpg 768w, https:\/\/el-conseils.fr\/wp-content\/uploads\/2026\/03\/00031-1536x1020.jpg 1536w, https:\/\/el-conseils.fr\/wp-content\/uploads\/2026\/03\/00031-2048x1360.jpg 2048w\" sizes=\"auto, (max-width: 1024px) 100vw, 1024px\" \/><\/figure>\n\n\n\n<p class=\"has-text-align-center has-ast-global-color-5-color has-text-color has-link-color wp-elements-9468ef20b1b43384424e4058ba51079f\"><strong>\u00ab Accompagner, c\u2019est avant tout comprendre, \u00e9couter et construire des solutions r\u00e9ellement utiles. \u00bb<\/strong><\/p>\n\n\n\n<div class=\"wp-block-buttons alignwide is-content-justification-center is-layout-flex wp-container-core-buttons-is-layout-098cc607 wp-block-buttons-is-layout-flex\">\n<div class=\"wp-block-button\"><a class=\"wp-block-button__link has-ast-global-color-5-color has-text-color has-link-color has-text-align-center wp-element-button\" href=\"mailto:contact@el-conseils.fr\">Prendre contact<\/a><\/div>\n<\/div>\n\n\n\n<p><\/p>\n","protected":false},"excerpt":{"rendered":"<p>Qui suis-je ? Depuis toujours, mon parcours est guid\u00e9 par les rencontres, les d\u00e9fis et l\u2019envie constante de progresser. Chaque [&hellip;]<\/p>\n","protected":false},"author":1,"featured_media":0,"parent":0,"menu_order":0,"comment_status":"closed","ping_status":"closed","template":"","meta":{"site-sidebar-layout":"default","site-content-layout":"","ast-site-content-layout":"default","site-content-style":"default","site-sidebar-style":"default","ast-global-header-display":"","ast-banner-title-visibility":"","ast-main-header-display":"","ast-hfb-above-header-display":"","ast-hfb-below-header-display":"","ast-hfb-mobile-header-display":"","site-post-title":"","ast-breadcrumbs-content":"disabled","ast-featured-img":"","footer-sml-layout":"","ast-disable-related-posts":"","theme-transparent-header-meta":"","adv-header-id-meta":"","stick-header-meta":"","header-above-stick-meta":"","header-main-stick-meta":"","header-below-stick-meta":"","astra-migrate-meta-layouts":"default","ast-page-background-enabled":"default","ast-page-background-meta":{"desktop":{"background-color":"var(--ast-global-color-5)","background-image":"","background-repeat":"repeat","background-position":"center center","background-size":"auto","background-attachment":"scroll","background-type":"","background-media":"","overlay-type":"","overlay-color":"","overlay-opacity":"","overlay-gradient":""},"tablet":{"background-color":"","background-image":"","background-repeat":"repeat","background-position":"center center","background-size":"auto","background-attachment":"scroll","background-type":"","background-media":"","overlay-type":"","overlay-color":"","overlay-opacity":"","overlay-gradient":""},"mobile":{"background-color":"","background-image":"","background-repeat":"repeat","background-position":"center center","background-size":"auto","background-attachment":"scroll","background-type":"","background-media":"","overlay-type":"","overlay-color":"","overlay-opacity":"","overlay-gradient":""}},"ast-content-background-meta":{"desktop":{"background-color":"var(--ast-global-color-4)","background-image":"","background-repeat":"repeat","background-position":"center center","background-size":"auto","background-attachment":"scroll","background-type":"","background-media":"","overlay-type":"","overlay-color":"","overlay-opacity":"","overlay-gradient":""},"tablet":{"background-color":"var(--ast-global-color-4)","background-image":"","background-repeat":"repeat","background-position":"center center","background-size":"auto","background-attachment":"scroll","background-type":"","background-media":"","overlay-type":"","overlay-color":"","overlay-opacity":"","overlay-gradient":""},"mobile":{"background-color":"var(--ast-global-color-4)","background-image":"","background-repeat":"repeat","background-position":"center center","background-size":"auto","background-attachment":"scroll","background-type":"","background-media":"","overlay-type":"","overlay-color":"","overlay-opacity":"","overlay-gradient":""}},"footnotes":""},"class_list":["post-100","page","type-page","status-publish","hentry"],"_links":{"self":[{"href":"https:\/\/el-conseils.fr\/index.php?rest_route=\/wp\/v2\/pages\/100","targetHints":{"allow":["GET"]}}],"collection":[{"href":"https:\/\/el-conseils.fr\/index.php?rest_route=\/wp\/v2\/pages"}],"about":[{"href":"https:\/\/el-conseils.fr\/index.php?rest_route=\/wp\/v2\/types\/page"}],"author":[{"embeddable":true,"href":"https:\/\/el-conseils.fr\/index.php?rest_route=\/wp\/v2\/users\/1"}],"replies":[{"embeddable":true,"href":"https:\/\/el-conseils.fr\/index.php?rest_route=%2Fwp%2Fv2%2Fcomments&post=100"}],"version-history":[{"count":14,"href":"https:\/\/el-conseils.fr\/index.php?rest_route=\/wp\/v2\/pages\/100\/revisions"}],"predecessor-version":[{"id":208,"href":"https:\/\/el-conseils.fr\/index.php?rest_route=\/wp\/v2\/pages\/100\/revisions\/208"}],"wp:attachment":[{"href":"https:\/\/el-conseils.fr\/index.php?rest_route=%2Fwp%2Fv2%2Fmedia&parent=100"}],"curies":[{"name":"wp","href":"https:\/\/api.w.org\/{rel}","templated":true}]}}