{"id":10,"date":"2026-03-11T16:03:51","date_gmt":"2026-03-11T15:03:51","guid":{"rendered":"https:\/\/el-conseils.fr\/?page_id=10"},"modified":"2026-03-25T12:03:08","modified_gmt":"2026-03-25T11:03:08","slug":"accueil","status":"publish","type":"page","link":"https:\/\/el-conseils.fr\/","title":{"rendered":""},"content":{"rendered":"\n<p><\/p>\n\n\n\n<p><\/p>\n\n\n\n<h1 class=\"wp-block-heading has-white-color has-text-color has-link-color has-large-font-size wp-elements-960063f0a505aa08503772e94252fe81\">Protection sociale et strat\u00e9gie patrimoniale pour dirigeants et entreprises<\/h1>\n\n\n\n<p class=\"has-white-color has-text-color has-link-color has-medium-font-size wp-elements-95335647d45b744f88ec0158f3a76bf7\"><strong>Estrade Conseils accompagne les dirigeants, ind\u00e9pendants et entreprises dans leurs enjeux de pr\u00e9voyance, sant\u00e9, retraite et \u00e9pargne salariale, avec une approche personnalis\u00e9e, claire et durable.<\/strong><\/p>\n\n\n\n<p class=\"has-white-color has-text-color has-link-color has-medium-font-size wp-elements-c8b363c98e9069209d6ffdcd8ecee9a8\"><strong>Des solutions utiles, lisibles et adapt\u00e9es \u00e0 votre entreprise comme \u00e0 vos objectifs personnels.<\/strong><\/p>\n\n\n\n<div class=\"wp-block-buttons is-content-justification-left is-layout-flex wp-container-core-buttons-is-layout-fc4fd283 wp-block-buttons-is-layout-flex\">\n<div class=\"wp-block-button\"><a class=\"wp-block-button__link wp-element-button\" href=\"mailto:contact@el-conseils.fr\">Nous contacter <\/a><\/div>\n<\/div>\n\n\n\n<p class=\"has-cyan-bluish-gray-color has-text-color has-link-color has-medium-font-size wp-elements-230b81f2ad3aca3a11556cae3dbbb1b1\"><strong>Cabinet ind\u00e9pendant \u2022 ORIAS 26003759 \u2022 Accompagnement sur mesure<\/strong><\/p>\n\n\n\n<p><\/p>\n\n\n\n<p class=\"has-luminous-vivid-amber-color has-text-color has-link-color has-x-large-font-size wp-elements-055c6ba3bc34fe4256edbc94ad4c5055\">Nos expertises<\/p>\n\n\n\n<p class=\"has-white-color has-text-color has-link-color has-medium-font-size wp-elements-57a5a8eeb3a40e5a11332ffc3862e697\"><strong>Un accompagnement sur mesure pour prot\u00e9ger, optimiser et pr\u00e9parer l\u2019avenir.<\/strong><\/p>\n\n\n\n<p class=\"has-luminous-vivid-amber-color has-text-color has-link-color has-large-font-size wp-elements-1a77ec3a12069d4c51b05f159d001e9a\">Pr\u00e9voyance<\/p>\n\n\n\n<p class=\"has-white-color has-text-color has-link-color has-medium-font-size wp-elements-8bf912b4cba6b708fc87af4ab86ee9fc\">Mise en place de solutions adapt\u00e9es pour prot\u00e9ger le dirigeant, les salari\u00e9s et l\u2019entreprise face aux al\u00e9as de la vie.<\/p>\n\n\n\n<p class=\"has-luminous-vivid-amber-color has-text-color has-link-color has-large-font-size wp-elements-3f83ed5f6eff86169734fef4428737f3\">Sant\u00e9 \/ Mutuelle<\/p>\n\n\n\n<p class=\"has-white-color has-text-color has-link-color has-medium-font-size wp-elements-1b59f023d79d976fc2c0db5d4a948f4d\">Accompagnement dans le choix et l\u2019optimisation des contrats sant\u00e9 pour r\u00e9pondre aux besoins r\u00e9els de vos \u00e9quipes et de votre structure.<\/p>\n\n\n\n<p class=\"has-luminous-vivid-amber-color has-text-color has-link-color has-large-font-size wp-elements-8429576d00816e1e449089686d1abf51\">Retraite \/ Epargne individuelle et salariale<\/p>\n\n\n\n<p class=\"has-white-color has-text-color has-link-color has-medium-font-size wp-elements-e7b25315ace1dcea3b142e543ff1a27a\">Construction de solutions durables pour pr\u00e9parer l\u2019avenir, valoriser votre patrimoine et renforcer l\u2019attractivit\u00e9 de l\u2019entreprise<\/p>\n\n\n\n<p><\/p>\n\n\n\n<div class=\"wp-block-buttons is-layout-flex wp-block-buttons-is-layout-flex\">\n<div class=\"wp-block-button\"><a class=\"wp-block-button__link wp-element-button\" href=\"mailto:contact@el-conseils.fr\">Prendre contact<\/a><\/div>\n<\/div>\n\n\n\n<p><\/p>\n","protected":false},"excerpt":{"rendered":"<p>Protection sociale et strat\u00e9gie patrimoniale pour dirigeants et entreprises Estrade Conseils accompagne les dirigeants, ind\u00e9pendants et entreprises dans leurs enjeux [&hellip;]<\/p>\n","protected":false},"author":1,"featured_media":0,"parent":0,"menu_order":0,"comment_status":"closed","ping_status":"closed","template":"","meta":{"site-sidebar-layout":"no-sidebar","site-content-layout":"plain-container","ast-site-content-layout":"default","site-content-style":"default","site-sidebar-style":"default","ast-global-header-display":"","ast-banner-title-visibility":"","ast-main-header-display":"","ast-hfb-above-header-display":"","ast-hfb-below-header-display":"","ast-hfb-mobile-header-display":"","site-post-title":"disabled","ast-breadcrumbs-content":"disabled","ast-featured-img":"","footer-sml-layout":"","ast-disable-related-posts":"","theme-transparent-header-meta":"disabled","adv-header-id-meta":"","stick-header-meta":"","header-above-stick-meta":"","header-main-stick-meta":"","header-below-stick-meta":"","astra-migrate-meta-layouts":"default","ast-page-background-enabled":"default","ast-page-background-meta":{"desktop":{"background-color":"var(--ast-global-color-5)","background-image":"","background-repeat":"repeat","background-position":"center center","background-size":"auto","background-attachment":"scroll","background-type":"","background-media":"","overlay-type":"","overlay-color":"","overlay-opacity":"","overlay-gradient":""},"tablet":{"background-color":"","background-image":"","background-repeat":"repeat","background-position":"center center","background-size":"auto","background-attachment":"scroll","background-type":"","background-media":"","overlay-type":"","overlay-color":"","overlay-opacity":"","overlay-gradient":""},"mobile":{"background-color":"","background-image":"","background-repeat":"repeat","background-position":"center center","background-size":"auto","background-attachment":"scroll","background-type":"","background-media":"","overlay-type":"","overlay-color":"","overlay-opacity":"","overlay-gradient":""}},"ast-content-background-meta":{"desktop":{"background-color":"var(--ast-global-color-4)","background-image":"","background-repeat":"repeat","background-position":"center center","background-size":"auto","background-attachment":"scroll","background-type":"","background-media":"","overlay-type":"","overlay-color":"","overlay-opacity":"","overlay-gradient":""},"tablet":{"background-color":"var(--ast-global-color-4)","background-image":"","background-repeat":"repeat","background-position":"center center","background-size":"auto","background-attachment":"scroll","background-type":"","background-media":"","overlay-type":"","overlay-color":"","overlay-opacity":"","overlay-gradient":""},"mobile":{"background-color":"var(--ast-global-color-4)","background-image":"","background-repeat":"repeat","background-position":"center center","background-size":"auto","background-attachment":"scroll","background-type":"","background-media":"","overlay-type":"","overlay-color":"","overlay-opacity":"","overlay-gradient":""}},"footnotes":""},"class_list":["post-10","page","type-page","status-publish","hentry"],"_links":{"self":[{"href":"https:\/\/el-conseils.fr\/index.php?rest_route=\/wp\/v2\/pages\/10","targetHints":{"allow":["GET"]}}],"collection":[{"href":"https:\/\/el-conseils.fr\/index.php?rest_route=\/wp\/v2\/pages"}],"about":[{"href":"https:\/\/el-conseils.fr\/index.php?rest_route=\/wp\/v2\/types\/page"}],"author":[{"embeddable":true,"href":"https:\/\/el-conseils.fr\/index.php?rest_route=\/wp\/v2\/users\/1"}],"replies":[{"embeddable":true,"href":"https:\/\/el-conseils.fr\/index.php?rest_route=%2Fwp%2Fv2%2Fcomments&post=10"}],"version-history":[{"count":47,"href":"https:\/\/el-conseils.fr\/index.php?rest_route=\/wp\/v2\/pages\/10\/revisions"}],"predecessor-version":[{"id":232,"href":"https:\/\/el-conseils.fr\/index.php?rest_route=\/wp\/v2\/pages\/10\/revisions\/232"}],"wp:attachment":[{"href":"https:\/\/el-conseils.fr\/index.php?rest_route=%2Fwp%2Fv2%2Fmedia&parent=10"}],"curies":[{"name":"wp","href":"https:\/\/api.w.org\/{rel}","templated":true}]}}